{"id":2637,"date":"2023-05-08T15:07:33","date_gmt":"2023-05-08T13:07:33","guid":{"rendered":"https:\/\/myggjavlar.se\/?page_id=2637"},"modified":"2023-05-10T08:53:03","modified_gmt":"2023-05-10T06:53:03","slug":"mosquito-magnet-start","status":"publish","type":"page","link":"https:\/\/myggjavlar.se\/da\/mosquito-magnet-start\/","title":{"rendered":"Mosquito Magnet start DK"},"content":{"rendered":"\n<div class=\"row row-collapse row-full-width\"  id=\"row-1410337692\">\n\n\n\t<div id=\"col-640674839\" class=\"col medium-4 large-4\"  >\n\t\t\t\t<div class=\"col-inner text-left\"  >\n\t\t\t\n\t\t\t\n\n\t<div class=\"img has-hover x md-x lg-x y md-y lg-y\" id=\"image_227422974\">\n\t\t\t\t\t\t\t\t<div class=\"img-inner dark\" style=\"margin:20px 0px 0px 0px;\">\n\t\t\t<img loading=\"lazy\" decoding=\"async\" width=\"915\" height=\"131\" src=\"https:\/\/myggjavlar.se\/wp-content\/uploads\/2023\/03\/mm-logo.svg\" class=\"attachment-original size-original\" alt=\"\" \/>\t\t\t\t\t\t\n\t\t\t\t\t<\/div>\n\t\t\t\t\t\t\t\t\n<style>\n#image_227422974 {\n  width: 69%;\n}\n<\/style>\n\t<\/div>\n\t\n\n\n\t\t<\/div>\n\t\t\t\t\n<style>\n#col-640674839 > .col-inner {\n  padding: 0px 0px 0px 50px;\n}\n<\/style>\n\t<\/div>\n\n\t\n\n\t<div id=\"col-341408777\" class=\"col medium-7 small-12 large-7\"  >\n\t\t\t\t<div class=\"col-inner text-right\"  >\n\t\t\t\n\t\t\t\n\n<a href=\"#l\u00e4sv\u00e4rt\" class=\"button secondary is-underline\" style=\"padding:50px 0px 0px 0px;\">\n\t\t<span>V\u00e6rd at l\u00e6se<\/span>\n\t<\/a>\n\n\n<a href=\"https:\/\/acreto.typeform.com\/to\/SDVNXVCz\" class=\"button secondary is-underline\" style=\"padding:50px 0px 0px 20px;\" target=\"_blank\" rel=\"noopener\">\n\t\t<span>fejlfindingsvejledningen<\/span>\n\t<\/a>\n\n\n<a href=\"\/om-os\" class=\"button secondary is-underline\" style=\"padding:50px 0px 0px 0px;\">\n\t\t<span>om os<\/span>\n\t<\/a>\n\n\n\n\t\t<\/div>\n\t\t\t\t\t<\/div>\n\n\t\n\n<\/div>\n\n  <div class=\"banner has-hover is-full-height\" id=\"banner-1314582867\">\n          <div class=\"banner-inner fill\">\n        <div class=\"banner-bg fill\" >\n            <img loading=\"lazy\" decoding=\"async\" width=\"1920\" height=\"1280\" src=\"https:\/\/myggjavlar.se\/wp-content\/uploads\/2023\/03\/mm-header.webp\" class=\"bg attachment-original size-original\" alt=\"\" \/>                                    \n                    <\/div>\n\t\t\n        <div class=\"banner-layers container\">\n            <div class=\"fill banner-link\"><\/div>            \n\n   <div id=\"text-box-312415683\" class=\"text-box banner-layer x0 md-x0 lg-x0 y30 md-y30 lg-y30 res-text\">\n                     <div data-animate=\"fadeInUp\">           <div class=\"text-box-content text \">\n              \n              <div class=\"text-inner text-center\">\n                  \n\n\t<div id=\"text-1197313257\" class=\"text\">\n\t\t\n\n<h2><span style=\"font-size: 170%;\"><strong>Mosquito Magnet<\/strong><\/span><\/h2>\n<h5>Mosquito Magnet fjerner myg og myg ugiftigt og langtidsholdbart<br>i din have ved at lokke, fange og dr\u00e6be.<\/h5>\n\t\t\n<style>\n#text-1197313257 {\n  text-align: left;\n  color: rgb(255,255,255);\n}\n#text-1197313257 > * {\n  color: rgb(255,255,255);\n}\n<\/style>\n\t<\/div>\n\t\n<div class=\"is-divider divider clearfix\" ><\/div>\n\n\n              <\/div>\n           <\/div>\n       <\/div>                     \n<style>\n#text-box-312415683 {\n  width: 85%;\n}\n#text-box-312415683 .text-box-content {\n  font-size: 100%;\n}\n@media (min-width:550px) {\n  #text-box-312415683 {\n    width: 61%;\n  }\n}\n<\/style>\n    <\/div>\n \n\n        <\/div>\n      <\/div>\n\n            \n<style>\n#banner-1314582867 {\n  padding-top: 100%;\n  background-color: #FFF;\n}\n<\/style>\n  <\/div>\n\n\n<span class=\"scroll-to\" data-label=\"Scroll to: #l\u00e4sv\u00e4rt\" data-bullet=\"true\" data-link=\"#l\u00e4sv\u00e4rt\" data-title=\"l\u00e4sv\u00e4rt\"><a name=\"l\u00e4sv\u00e4rt\"><\/a><\/span>\n\n\n\t<section class=\"section\" id=\"section_1849208987\">\n\t\t<div class=\"section-bg fill\" >\n\t\t\t\t\t\t\t\t\t\n\t\t\t\n\t<div class=\"is-border\"\n\t\tstyle=\"border-color:rgb(235, 235, 235);border-width:1px 0px 0px 0px;\">\n\t<\/div>\n\n\t\t<\/div>\n\n\t\t\n\n\t\t<div class=\"section-content relative\">\n\t\t\t\n\n<div class=\"row\"  id=\"row-755841713\">\n\n\n\t<div id=\"col-1028108115\" class=\"col medium-4 small-12 large-4\"  >\n\t\t\t\t<div class=\"col-inner\"  >\n\t\t\t\n\t\t\t\n\n\n\t\t<div class=\"icon-box featured-box icon-box-top text-left\"  style=\"margin:px px px px;\">\n\t\t\t\t<div class=\"icon-box-text last-reset\">\n\t\t\t\t\t\t\t\t\t\n\n<h3>S\u00e5dan fungerer det<\/h3>\n<p>Kuldioxid sammen med R-Octenol tiltr\u00e6kker myg og myg til f\u00e6lden. N\u00e5r myggene n\u00e6rmer sig, bliver de suget ind i f\u00e6lden, hvor de fanges i et net og t\u00f8rres.<\/p>\n\n\t\t<\/div>\n\t<\/div>\n\t\n\t\n\n\t\t<\/div>\n\t\t\t\t\t<\/div>\n\n\t\n\n\t<div id=\"col-1041673001\" class=\"col medium-4 small-12 large-4\"  >\n\t\t\t\t<div class=\"col-inner\"  >\n\t\t\t\n\t\t\t\n\n<h3 class=\"entry-title\"><a href=\"https:\/\/myggjavlar.se\/da\/mosquito-magnet-ting-at-goere-naar-myggesaesonen-begynder\/\">Ting at g\u00f8re, n\u00e5r mygges\u00e6sonen begynder<\/a><\/h3>\n<p>Nu er det tid til at forberede myggef\u00e6lden til s\u00e6sonen. Husk, at hvis du s\u00e6tter f\u00e6lden op, n\u00e5r de f\u00f8rste myg ankommer, vil du stoppe forplantningen.<\/p>\n<p><em><strong>L\u00e6s mere her:<\/strong><\/em><\/p>\n\n\t\t<\/div>\n\t\t\t\t\t<\/div>\n\n\t\n\n\t<div id=\"col-788362648\" class=\"col medium-4 small-12 large-4\"  >\n\t\t\t\t<div class=\"col-inner\"  >\n\t\t\t\n\t\t\t\n\n<h3 class=\"entry-title\"><a href=\"https:\/\/myggjavlar.se\/da\/placer-din-myggenet-korrekt\/\">Placer din myggenet korrekt<\/a><\/h3>\n<p>For at opn\u00e5 de bedste resultater skal du bruge f\u00f8lgende retningslinjer for korrekt placering:<\/p>\n<p><em><strong>L\u00e6s mere her:<\/strong><\/em><\/p>\n\n\t\t<\/div>\n\t\t\t\t\t<\/div>\n\n\t\n\n<\/div>\n\n\t\t<\/div>\n\n\t\t\n<style>\n#section_1849208987 {\n  padding-top: 27px;\n  padding-bottom: 27px;\n  background-color: rgb(245, 245, 245);\n}\n<\/style>\n\t<\/section>\n\t\n\n\t<section class=\"section\" id=\"section_1296553189\">\n\t\t<div class=\"section-bg fill\" >\n\t\t\t\t\t\t\t\t\t\n\t\t\t\n\n\t\t<\/div>\n\n\t\t\n\n\t\t<div class=\"section-content relative\">\n\t\t\t\n\n\t<div class=\"box has-hover   has-hover box-vertical box-text-bottom\" >\n\n\t\t<div class=\"box-image\" style=\"width:50%;\">\n\t\t\t\t\t\t<div class=\"\" >\n\t\t\t\t<img loading=\"lazy\" decoding=\"async\" width=\"1000\" height=\"967\" src=\"https:\/\/myggjavlar.se\/wp-content\/uploads\/2023\/03\/mosquito_magnet_front_2-e1679987970219.webp\" class=\"attachment-original size-original\" alt=\"\" srcset=\"https:\/\/myggjavlar.se\/wp-content\/uploads\/2023\/03\/mosquito_magnet_front_2-e1679987970219.webp 1000w, https:\/\/myggjavlar.se\/wp-content\/uploads\/2023\/03\/mosquito_magnet_front_2-e1679987970219-768x743.webp 768w\" sizes=\"auto, (max-width: 1000px) 100vw, 1000px\" \/>\t\t\t\t\t\t\t\t\t\t\t<\/div>\n\t\t\t\t\t<\/div>\n\n\t\t<div class=\"box-text text-center\" >\n\t\t\t<div class=\"box-text-inner\">\n\t\t\t\t\n\n<h2 style=\"text-align: left;\">Mosquito Magnet Pioneer<\/h2>\n<p>&nbsp;<\/p>\n<h4 style=\"text-align: left;\"><strong>En mygge- og mygf\u00e6lde med h\u00f8j ydeevne, der er godt tilpasset de nordiske forhold.<\/strong><\/h4>\n<p>&nbsp;<\/p>\n<p style=\"text-align: left;\">Bruges i haver og til terrasser, hvor man gerne vil af med myg og myg. Pioneer har et effektivt d\u00e6kningsomr\u00e5de p\u00e5 op til 4000 m\u00b2. Tiltr\u00e6kningsmidlet R-Octenol tiltr\u00e6kker myg og myg til f\u00e6lden, som derefter suges ind og fanges i nettet, hvor de t\u00f8rrer. Efter 7-10 dage vil du f\u00e5 et m\u00e6rkbart resultat og efter 4-6 uger har f\u00e6lden reduceret myg- og mygbestanden drastisk i dit n\u00e6romr\u00e5de. En gang om m\u00e5neden kan du s\u00e6tte en ny R-Octenol tablet i og skifte LPG-flasken P10. Det er vigtigt, at du bruger originale R-Octenol tabletter, da vi ellers ikke kan garantere funktionen.<\/p>\n\n\t\t\t<\/div>\n\t\t<\/div>\n\t<\/div>\n\t\n\n\t\t<\/div>\n\n\t\t\n<style>\n#section_1296553189 {\n  padding-top: 30px;\n  padding-bottom: 30px;\n}\n<\/style>\n\t<\/section>\n\t\n\t<div id=\"gap-313173164\" class=\"gap-element clearfix\" style=\"display:block; height:auto;\">\n\t\t\n<style>\n#gap-313173164 {\n  padding-top: 30px;\n}\n<\/style>\n\t<\/div>\n\t\n\n\n\t<section class=\"section dark\" id=\"section_1882954466\">\n\t\t<div class=\"section-bg fill\" >\n\t\t\t\t\t\t\t\t\t\n\t\t\t\n\n\t\t<\/div>\n\n\t\t\n\n\t\t<div class=\"section-content relative\">\n\t\t\t\n\n\t<div id=\"text-3665470934\" class=\"text\">\n\t\t\n\n<h2>Problemer med din Mosquito Magnet?<\/h2>\n<p>Starter den ikke? Fanger den d\u00e5rligt? Hvis du har sp\u00f8rgsm\u00e5l, skal du gennemg\u00e5 fejlfindingsvejledningen, f\u00f8r du kontakter support.<\/p>\n\t\t\n<style>\n#text-3665470934 {\n  text-align: center;\n}\n<\/style>\n\t<\/div>\n\t\n<div class=\"row\"  id=\"row-553315343\">\n\n\n\t<div id=\"col-2052157301\" class=\"col medium-4 small-12 large-4\"  >\n\t\t\t\t<div class=\"col-inner\"  >\n\t\t\t\n\t\t\t\n\n\n\t\t<\/div>\n\t\t\t\t\t<\/div>\n\n\t\n\n\t<div id=\"col-708569523\" class=\"col medium-4 small-12 large-4\"  >\n\t\t\t\t<div class=\"col-inner text-center\"  >\n\t\t\t\n\t\t\t\n\n<a href=\"https:\/\/acreto.typeform.com\/to\/SDVNXVCz\" target=\"_blank\" class=\"button primary\" rel=\"noopener\">\n\t\t<span>fejlfindingsvejledningen<\/span>\n\t<\/a>\n\n\n\n\t\t<\/div>\n\t\t\t\t\t<\/div>\n\n\t\n\n\t<div id=\"col-160718930\" class=\"col medium-4 small-12 large-4\"  >\n\t\t\t\t<div class=\"col-inner\"  >\n\t\t\t\n\t\t\t\n\n\n\t\t<\/div>\n\t\t\t\t\t<\/div>\n\n\t\n\n<\/div>\n\n\t\t<\/div>\n\n\t\t\n<style>\n#section_1882954466 {\n  padding-top: 30px;\n  padding-bottom: 30px;\n  background-color: #7a9c59;\n}\n<\/style>\n\t<\/section>\n\t\n\n\t<section class=\"section\" id=\"section_686732335\">\n\t\t<div class=\"section-bg fill\" >\n\t\t\t\t\t\t\t\t\t\n\t\t\t\n\n\t\t<\/div>\n\n\t\t\n\n\t\t<div class=\"section-content relative\">\n\t\t\t\n\n<div class=\"is-divider divider clearfix\" style=\"max-width:100%;background-color:rgb(51, 51, 51);\"><\/div>\n\n\t<div id=\"text-2508316388\" class=\"text\">\n\t\t\n\n<p>Acreto AB, Norra \u00c5gatan 10, 416 61 G\u00f6teborg, Sverige, Telefon: +46 31 3000 500. Mail: support@acreto.se, www.acreto.se<\/p>\n\t\t\n<style>\n#text-2508316388 {\n  text-align: center;\n  color: rgb(51, 51, 51);\n}\n#text-2508316388 > * {\n  color: rgb(51, 51, 51);\n}\n<\/style>\n\t<\/div>\n\t\n\n\t\t<\/div>\n\n\t\t\n<style>\n#section_686732335 {\n  padding-top: 30px;\n  padding-bottom: 30px;\n}\n<\/style>\n\t<\/section>\n\t\n\n","protected":false},"excerpt":{"rendered":"","protected":false},"author":9,"featured_media":2284,"parent":0,"menu_order":0,"comment_status":"closed","ping_status":"closed","template":"page-blank-landingpage.php","meta":{"_acf_changed":false,"footnotes":""},"class_list":["post-2637","page","type-page","status-publish","has-post-thumbnail","hentry"],"acf":[],"_links":{"self":[{"href":"https:\/\/myggjavlar.se\/da\/wp-json\/wp\/v2\/pages\/2637","targetHints":{"allow":["GET"]}}],"collection":[{"href":"https:\/\/myggjavlar.se\/da\/wp-json\/wp\/v2\/pages"}],"about":[{"href":"https:\/\/myggjavlar.se\/da\/wp-json\/wp\/v2\/types\/page"}],"author":[{"embeddable":true,"href":"https:\/\/myggjavlar.se\/da\/wp-json\/wp\/v2\/users\/9"}],"replies":[{"embeddable":true,"href":"https:\/\/myggjavlar.se\/da\/wp-json\/wp\/v2\/comments?post=2637"}],"version-history":[{"count":59,"href":"https:\/\/myggjavlar.se\/da\/wp-json\/wp\/v2\/pages\/2637\/revisions"}],"predecessor-version":[{"id":2770,"href":"https:\/\/myggjavlar.se\/da\/wp-json\/wp\/v2\/pages\/2637\/revisions\/2770"}],"wp:featuredmedia":[{"embeddable":true,"href":"https:\/\/myggjavlar.se\/da\/wp-json\/wp\/v2\/media\/2284"}],"wp:attachment":[{"href":"https:\/\/myggjavlar.se\/da\/wp-json\/wp\/v2\/media?parent=2637"}],"curies":[{"name":"wp","href":"https:\/\/api.w.org\/{rel}","templated":true}]}}