{"id":2702,"date":"2017-04-11T08:22:39","date_gmt":"2017-04-11T06:22:39","guid":{"rendered":"https:\/\/myggjavlar.se\/produkter\/mosquito-magnet-pioneer\/"},"modified":"2023-05-15T14:52:10","modified_gmt":"2023-05-15T12:52:10","slug":"mosquito-magnet-pioneer","status":"publish","type":"product","link":"https:\/\/myggjavlar.se\/da\/produkter\/mosquito-magnet-pioneer\/","title":{"rendered":"Mosquito Magnet Pioneer"},"content":{"rendered":"<ul>\n<li>D\u00e6kningsomr\u00e5de p\u00e5 op til 4000 m\u00b2<\/li>\n<li>Lydl\u00f8s og lugtfri<\/li>\n<li>Reducerer bestanden af myg og gnavere p\u00e5 lang sigt<\/li>\n<li>Vejrbestandig &#8211; kan st\u00e5 ude i regnvejr<\/li>\n<li>Let at installere og vedligeholde<\/li>\n<li>Gasflaske PK10 ikke inkluderet<\/li>\n<li>5 gange bedre end den n\u00e6rmeste konkurrent if\u00f8lge SP (Sveriges tekniske forskningsinstitut).<\/li>\n<li>Artikel nummer: 101014<\/li>\n<\/ul>\n<div id=\"safarikai-popup\"><\/div>\n","protected":false},"excerpt":{"rendered":"<p><strong>A <\/strong><strong>mygge- og myggef\u00e6lde med <\/strong><strong>der er velegnet til nordiske forhold. <\/strong><\/p>\n<p>Anvendes i haver og p\u00e5 terrasser, hvor du \u00f8nsker at slippe af med myg og myg. Pioneer har et effektivt d\u00e6kningsomr\u00e5de p\u00e5 op til 4000 m\u00b2. Attraktionsstoffet R-Octenol tiltr\u00e6kker myg og myg til f\u00e6lden, som derefter suges ind og fanges i nettet, hvor de t\u00f8rrer. Efter 7-10 dage vil du se et m\u00e6rkbart resultat, og efter 4-6 uger har f\u00e6lden drastisk reduceret mygge- og myggebestandene i dit nabolag. En gang om m\u00e5neden kan du inds\u00e6tte en ny R-Octenol-tablet og skifte P10 LPG-flasken.<\/p>\n<p><strong>Bem\u00e6rk: R-Octenol-tablet og gasflaske er ikke inkluderet.<\/strong><\/p>\n<p>Ved bestilling kontakt <a href=\"mailto:support@acreto.se\">support@acreto.se<\/a><\/p>\n","protected":false},"featured_media":2150,"template":"","meta":{"_acf_changed":false},"pwb-brand":[101],"product_brand":[],"product_cat":[97,96,95],"product_tag":[],"class_list":{"0":"post-2702","1":"product","2":"type-product","3":"status-publish","4":"has-post-thumbnail","6":"pwb-brand-mosquito-magnet","7":"product_cat-knudefaelder","8":"product_cat-myg-og-myggefaelder","9":"product_cat-udendors-beskyttelse","11":"first","12":"instock","13":"product-type-external"},"acf":[],"brands":[{"id":101,"name":"Mosquito Magnet","slug":"mosquito-magnet"}],"_links":{"self":[{"href":"https:\/\/myggjavlar.se\/da\/wp-json\/wp\/v2\/product\/2702","targetHints":{"allow":["GET"]}}],"collection":[{"href":"https:\/\/myggjavlar.se\/da\/wp-json\/wp\/v2\/product"}],"about":[{"href":"https:\/\/myggjavlar.se\/da\/wp-json\/wp\/v2\/types\/product"}],"wp:featuredmedia":[{"embeddable":true,"href":"https:\/\/myggjavlar.se\/da\/wp-json\/wp\/v2\/media\/2150"}],"wp:attachment":[{"href":"https:\/\/myggjavlar.se\/da\/wp-json\/wp\/v2\/media?parent=2702"}],"wp:term":[{"taxonomy":"pwb-brand","embeddable":true,"href":"https:\/\/myggjavlar.se\/da\/wp-json\/wp\/v2\/pwb-brand?post=2702"},{"taxonomy":"product_brand","embeddable":true,"href":"https:\/\/myggjavlar.se\/da\/wp-json\/wp\/v2\/product_brand?post=2702"},{"taxonomy":"product_cat","embeddable":true,"href":"https:\/\/myggjavlar.se\/da\/wp-json\/wp\/v2\/product_cat?post=2702"},{"taxonomy":"product_tag","embeddable":true,"href":"https:\/\/myggjavlar.se\/da\/wp-json\/wp\/v2\/product_tag?post=2702"}],"curies":[{"name":"wp","href":"https:\/\/api.w.org\/{rel}","templated":true}]}}