{"id":2826,"date":"2023-02-24T10:06:01","date_gmt":"2023-02-24T09:06:01","guid":{"rendered":"https:\/\/myggjavlar.se\/produkter\/mosquito-magnet-r-octenol-3-pak\/"},"modified":"2023-05-15T14:53:19","modified_gmt":"2023-05-15T12:53:19","slug":"myggenet-r-octenol-3-pack","status":"publish","type":"product","link":"https:\/\/myggjavlar.se\/da\/produkter\/myggenet-r-octenol-3-pack\/","title":{"rendered":"Mosquito Magnet R-Octenol, 3-pak"},"content":{"rendered":"<ul>\n<li>Duften tiltr\u00e6kker myg og myg til maskinen.<\/li>\n<li>For\u00f8ger f\u00e6ldens fangstkapacitet op til 10 gange.<\/li>\n<li>Skift R-Octenol-tabletten, hver gang du skifter LPG-flasken (10 kg).<\/li>\n<li>En \u00e5bnet R-Octenol-tablet er effektiv i op til 32 dage.<\/li>\n<li>R-Octenol s\u00e6lges i pakninger med 3 tabletter.<\/li>\n<li>Artikel nummer 101015<\/li>\n<\/ul>\n","protected":false},"excerpt":{"rendered":"<h2>Tilbeh\u00f8r til myggemagneter til at tiltr\u00e6kke myg og myg til f\u00e6lden.<\/h2>\n<p>Dufttablet til din Mosquito Magnet, der bruges til at tiltr\u00e6kke myg og myg til maskinen. R-Octenol tiltr\u00e6kker myg bedre og holder op til 40 % l\u00e6ngere end forg\u00e6ngeren octenol. Mosquito Magnet omdanner LPG til opvarmet kuldioxid svarende til menneskers og varmblodede dyrs ud\u00e5ndingsluft, og sammen med R-Octenol er f\u00e6lden op til ti gange mere effektiv end ved brug af kuldioxid alene. Efter 32 dage er tiltr\u00e6kningsmidlet opbrugt, og tabletten skal udskiftes for at sikre, at f\u00e6lden fortsat fanger det samme antal myg.<br \/>\nDet er vigtigt, at du bruger den originale R-Octenol i din maskine for at sikre effekten.<\/p>\n","protected":false},"featured_media":2169,"template":"","meta":{"_acf_changed":false},"pwb-brand":[101],"product_brand":[],"product_cat":[99],"product_tag":[100],"class_list":{"0":"post-2826","1":"product","2":"type-product","3":"status-publish","4":"has-post-thumbnail","6":"pwb-brand-mosquito-magnet","7":"product_cat-tilbehor-til-myggenet-magnet","8":"product_tag-r-octenol-da","10":"first","11":"instock","12":"shipping-taxable","13":"product-type-external"},"acf":[],"brands":[{"id":101,"name":"Mosquito Magnet","slug":"mosquito-magnet"}],"_links":{"self":[{"href":"https:\/\/myggjavlar.se\/da\/wp-json\/wp\/v2\/product\/2826","targetHints":{"allow":["GET"]}}],"collection":[{"href":"https:\/\/myggjavlar.se\/da\/wp-json\/wp\/v2\/product"}],"about":[{"href":"https:\/\/myggjavlar.se\/da\/wp-json\/wp\/v2\/types\/product"}],"wp:featuredmedia":[{"embeddable":true,"href":"https:\/\/myggjavlar.se\/da\/wp-json\/wp\/v2\/media\/2169"}],"wp:attachment":[{"href":"https:\/\/myggjavlar.se\/da\/wp-json\/wp\/v2\/media?parent=2826"}],"wp:term":[{"taxonomy":"pwb-brand","embeddable":true,"href":"https:\/\/myggjavlar.se\/da\/wp-json\/wp\/v2\/pwb-brand?post=2826"},{"taxonomy":"product_brand","embeddable":true,"href":"https:\/\/myggjavlar.se\/da\/wp-json\/wp\/v2\/product_brand?post=2826"},{"taxonomy":"product_cat","embeddable":true,"href":"https:\/\/myggjavlar.se\/da\/wp-json\/wp\/v2\/product_cat?post=2826"},{"taxonomy":"product_tag","embeddable":true,"href":"https:\/\/myggjavlar.se\/da\/wp-json\/wp\/v2\/product_tag?post=2826"}],"curies":[{"name":"wp","href":"https:\/\/api.w.org\/{rel}","templated":true}]}}