{"id":2828,"date":"2023-02-24T10:09:20","date_gmt":"2023-02-24T09:09:20","guid":{"rendered":"https:\/\/myggjavlar.se\/produkter\/mosquito-magnet-myggenet-til-pioneer\/"},"modified":"2023-02-24T10:09:20","modified_gmt":"2023-02-24T09:09:20","slug":"mosquito-magnet-mosquitoed-to-pioneer","status":"publish","type":"product","link":"https:\/\/myggjavlar.se\/da\/produkter\/mosquito-magnet-mosquitoed-to-pioneer\/","title":{"rendered":"Mosquito Magnet Myggenet til Pioneer"},"content":{"rendered":"<ul>\n<li>Brug to netv\u00e6rk parallelt<\/li>\n<li>Fangning af myg og myg<\/li>\n<li>G\u00f8r det hurtigt og nemt at skifte netv\u00e6rk<\/li>\n<li>Kun velegnet til Mosquito Magnet Pioneer<\/li>\n<li>Artikel nummer 101013<\/li>\n<\/ul>\n","protected":false},"excerpt":{"rendered":"<p>Ekstra myggenet til brug sammen med Mosquito Magnet Pioneer. Ved at bruge to parallelle net er det hurtigere at erstatte et fuldt net med et tomt net. \u00d8konomisk set er det fornuftigt at bruge to net, da de er bedre til at blive renset og t\u00f8rret ordentligt inden n\u00e6ste brug. S\u00f8rg altid for at kontrollere, at nettene er intakte for at sikre sikker drift og optimal fangstkapacitet. Bem\u00e6rk, at hver model af Mosquito Magnet har et unikt net, som kun passer til den p\u00e5g\u00e6ldende model.<\/p>\n","protected":false},"featured_media":2170,"comment_status":"closed","ping_status":"closed","template":"","meta":{"_acf_changed":false},"pwb-brand":[101],"product_brand":[],"product_cat":[99],"product_tag":[100],"class_list":{"0":"post-2828","1":"product","2":"type-product","3":"status-publish","4":"has-post-thumbnail","6":"pwb-brand-mosquito-magnet","7":"product_cat-tilbehor-til-myggenet-magnet","8":"product_tag-r-octenol-da","10":"first","11":"instock","12":"shipping-taxable","13":"product-type-external"},"acf":[],"brands":[{"id":101,"name":"Mosquito Magnet","slug":"mosquito-magnet"}],"_links":{"self":[{"href":"https:\/\/myggjavlar.se\/da\/wp-json\/wp\/v2\/product\/2828","targetHints":{"allow":["GET"]}}],"collection":[{"href":"https:\/\/myggjavlar.se\/da\/wp-json\/wp\/v2\/product"}],"about":[{"href":"https:\/\/myggjavlar.se\/da\/wp-json\/wp\/v2\/types\/product"}],"replies":[{"embeddable":true,"href":"https:\/\/myggjavlar.se\/da\/wp-json\/wp\/v2\/comments?post=2828"}],"wp:featuredmedia":[{"embeddable":true,"href":"https:\/\/myggjavlar.se\/da\/wp-json\/wp\/v2\/media\/2170"}],"wp:attachment":[{"href":"https:\/\/myggjavlar.se\/da\/wp-json\/wp\/v2\/media?parent=2828"}],"wp:term":[{"taxonomy":"pwb-brand","embeddable":true,"href":"https:\/\/myggjavlar.se\/da\/wp-json\/wp\/v2\/pwb-brand?post=2828"},{"taxonomy":"product_brand","embeddable":true,"href":"https:\/\/myggjavlar.se\/da\/wp-json\/wp\/v2\/product_brand?post=2828"},{"taxonomy":"product_cat","embeddable":true,"href":"https:\/\/myggjavlar.se\/da\/wp-json\/wp\/v2\/product_cat?post=2828"},{"taxonomy":"product_tag","embeddable":true,"href":"https:\/\/myggjavlar.se\/da\/wp-json\/wp\/v2\/product_tag?post=2828"}],"curies":[{"name":"wp","href":"https:\/\/api.w.org\/{rel}","templated":true}]}}